{"id":20,"date":"2024-11-18T15:18:59","date_gmt":"2024-11-18T15:18:59","guid":{"rendered":"https:\/\/mairbird.com\/?page_id=20"},"modified":"2025-02-13T14:41:19","modified_gmt":"2025-02-13T13:41:19","slug":"price","status":"publish","type":"page","link":"https:\/\/mairbird.com\/de\/preis\/","title":{"rendered":"Preis"},"content":{"rendered":"<div data-elementor-type=\"wp-page\" data-elementor-id=\"20\" class=\"elementor elementor-20\">\n\t\t\t\t<div class=\"wd-negative-gap elementor-element elementor-element-67c02c1 e-flex e-con-boxed e-con e-parent\" data-id=\"67c02c1\" data-element_type=\"container\" data-settings=\"{&quot;background_background&quot;:&quot;classic&quot;}\">\n\t\t\t\t\t<div class=\"e-con-inner\">\n\t\t\t\t\t<\/div>\n\t\t\t\t<\/div>\n\t\t<div class=\"wd-negative-gap elementor-element elementor-element-2ccb439 e-flex e-con-boxed e-con e-parent\" data-id=\"2ccb439\" data-element_type=\"container\">\n\t\t\t\t\t<div class=\"e-con-inner\">\n\t\t\t\t<div class=\"elementor-element elementor-element-1ada69c elementor-widget elementor-widget-heading\" data-id=\"1ada69c\" data-element_type=\"widget\" data-widget_type=\"heading.default\">\n\t\t\t\t<div class=\"elementor-widget-container\">\n\t\t\t\t\t<h1 class=\"elementor-heading-title elementor-size-default\">Preis<\/h1>\t\t\t\t<\/div>\n\t\t\t\t<\/div>\n\t\t\t\t<div class=\"elementor-element elementor-element-69713fe elementor-widget-divider--view-line elementor-widget elementor-widget-divider\" data-id=\"69713fe\" data-element_type=\"widget\" data-widget_type=\"divider.default\">\n\t\t\t\t<div class=\"elementor-widget-container\">\n\t\t\t\t\t\t\t<div class=\"elementor-divider\">\n\t\t\t<span class=\"elementor-divider-separator\">\n\t\t\t\t\t\t<\/span>\n\t\t<\/div>\n\t\t\t\t\t\t<\/div>\n\t\t\t\t<\/div>\n\t\t\t\t<div class=\"elementor-element elementor-element-26725e7 text-center color-scheme-inherit elementor-widget elementor-widget-text-editor\" data-id=\"26725e7\" data-element_type=\"widget\" data-widget_type=\"text-editor.default\">\n\t\t\t\t<div class=\"elementor-widget-container\">\n\t\t\t\t\t\t\t\t\t<p>Jedes Fotopaket wird sorgf\u00e4ltig zusammengestellt, um Ihren individuellen Bed\u00fcrfnissen und Vorstellungen gerecht zu werden. <br \/>Gemeinsam w\u00e4hlen wir die perfekte Option f\u00fcr Ihre besonderen Momente aus.**<\/p>\t\t\t\t\t\t\t\t<\/div>\n\t\t\t\t<\/div>\n\t\t\t\t\t<\/div>\n\t\t\t\t<\/div>\n\t\t<div class=\"wd-negative-gap elementor-element elementor-element-de0496a e-flex e-con-boxed e-con e-parent\" data-id=\"de0496a\" data-element_type=\"container\">\n\t\t\t\t\t<div class=\"e-con-inner\">\n\t\t<div class=\"elementor-element elementor-element-e070575 e-con-full e-flex e-con e-child\" data-id=\"e070575\" data-element_type=\"container\">\n\t\t<div class=\"elementor-element elementor-element-765b588 e-con-full e-flex e-con e-child\" data-id=\"765b588\" data-element_type=\"container\">\n\t\t\t\t<div class=\"elementor-element elementor-element-fb8fef7 elementor-widget elementor-widget-heading\" data-id=\"fb8fef7\" data-element_type=\"widget\" data-widget_type=\"heading.default\">\n\t\t\t\t<div class=\"elementor-widget-container\">\n\t\t\t\t\t<h2 class=\"elementor-heading-title elementor-size-default\">Hochzeitsfotografie<\/h2>\t\t\t\t<\/div>\n\t\t\t\t<\/div>\n\t\t\t\t<div class=\"elementor-element elementor-element-325204a elementor-widget elementor-widget-image\" data-id=\"325204a\" data-element_type=\"widget\" data-widget_type=\"image.default\">\n\t\t\t\t<div class=\"elementor-widget-container\">\n\t\t\t\t\t\t\t\t\t\t\t\t\t\t\t<img decoding=\"async\" width=\"661\" height=\"16\" src=\"https:\/\/mairbird.com\/wp-content\/uploads\/2024\/12\/line.svg\" class=\"attachment-full size-full wp-image-27056\" alt=\"Mairbird - Fotograf in der Schweiz\">\t\t\t\t\t\t\t\t\t\t\t\t\t\t\t<\/div>\n\t\t\t\t<\/div>\n\t\t\t\t<div class=\"elementor-element elementor-element-e977556 elementor-widget elementor-widget-heading\" data-id=\"e977556\" data-element_type=\"widget\" data-widget_type=\"heading.default\">\n\t\t\t\t<div class=\"elementor-widget-container\">\n\t\t\t\t\t<h2 class=\"elementor-heading-title elementor-size-default\">ab 500 CHF<\/h2>\t\t\t\t<\/div>\n\t\t\t\t<\/div>\n\t\t\t\t<div class=\"elementor-element elementor-element-167712b elementor-widget elementor-widget-heading\" data-id=\"167712b\" data-element_type=\"widget\" data-widget_type=\"heading.default\">\n\t\t\t\t<div class=\"elementor-widget-container\">\n\t\t\t\t\t<h2 class=\"elementor-heading-title elementor-size-default\">f\u00fcr 2 Stunden, inklusive:<\/h2>\t\t\t\t<\/div>\n\t\t\t\t<\/div>\n\t\t\t\t<div class=\"elementor-element elementor-element-9535da8 color-scheme-inherit text-left elementor-widget elementor-widget-text-editor\" data-id=\"9535da8\" data-element_type=\"widget\" data-widget_type=\"text-editor.default\">\n\t\t\t\t<div class=\"elementor-widget-container\">\n\t\t\t\t\t\t\t\t\t<ul class=\"-mt-1 [li&gt;&amp;]:mt-2 list-disc space-y-2 pl-8\"><li class=\"whitespace-normal break-words\">Beratung vor der Hochzeit<\/li><li class=\"whitespace-normal break-words\">Berichterstattung \u00fcber die Zeremonie<\/li><li class=\"whitespace-normal break-words\">G\u00e4stefotos und Reportage<\/li><li class=\"whitespace-normal break-words\">Paarportr\u00e4ts\/Liebesgeschichten-Sitzung<\/li><li class=\"whitespace-normal break-words\">Mindestens 200 bearbeitete Fotos<\/li><li class=\"whitespace-normal break-words\">Reisekosten inklusive<\/li><\/ul><p class=\"whitespace-pre-wrap break-words\">Zus\u00e4tzliche Stunde: <span style=\"text-decoration: underline;\"><strong>150 CHF<\/strong><\/span><\/p>\t\t\t\t\t\t\t\t<\/div>\n\t\t\t\t<\/div>\n\t\t\t\t<div class=\"elementor-element elementor-element-e9a1876 elementor-widget elementor-widget-spacer\" data-id=\"e9a1876\" data-element_type=\"widget\" data-widget_type=\"spacer.default\">\n\t\t\t\t<div class=\"elementor-widget-container\">\n\t\t\t\t\t\t\t<div class=\"elementor-spacer\">\n\t\t\t<div class=\"elementor-spacer-inner\"><\/div>\n\t\t<\/div>\n\t\t\t\t\t\t<\/div>\n\t\t\t\t<\/div>\n\t\t\t\t<\/div>\n\t\t\t\t<\/div>\n\t\t<div class=\"elementor-element elementor-element-b1986dc e-con-full e-flex e-con e-child\" data-id=\"b1986dc\" data-element_type=\"container\">\n\t\t<div class=\"elementor-element elementor-element-9528593 e-con-full e-flex e-con e-child\" data-id=\"9528593\" data-element_type=\"container\">\n\t\t\t\t<div class=\"elementor-element elementor-element-1eb98e2 elementor-widget elementor-widget-heading\" data-id=\"1eb98e2\" data-element_type=\"widget\" data-widget_type=\"heading.default\">\n\t\t\t\t<div class=\"elementor-widget-container\">\n\t\t\t\t\t<h2 class=\"elementor-heading-title elementor-size-default\">Portr\u00e4tsitzungen<\/h2>\t\t\t\t<\/div>\n\t\t\t\t<\/div>\n\t\t\t\t<div class=\"elementor-element elementor-element-8d99c9e elementor-widget elementor-widget-image\" data-id=\"8d99c9e\" data-element_type=\"widget\" data-widget_type=\"image.default\">\n\t\t\t\t<div class=\"elementor-widget-container\">\n\t\t\t\t\t\t\t\t\t\t\t\t\t\t\t<img decoding=\"async\" width=\"661\" height=\"16\" src=\"https:\/\/mairbird.com\/wp-content\/uploads\/2024\/12\/line.svg\" class=\"attachment-full size-full wp-image-27056\" alt=\"Mairbird - Fotograf in der Schweiz\">\t\t\t\t\t\t\t\t\t\t\t\t\t\t\t<\/div>\n\t\t\t\t<\/div>\n\t\t\t\t<div class=\"elementor-element elementor-element-2625479 elementor-widget elementor-widget-heading\" data-id=\"2625479\" data-element_type=\"widget\" data-widget_type=\"heading.default\">\n\t\t\t\t<div class=\"elementor-widget-container\">\n\t\t\t\t\t<h2 class=\"elementor-heading-title elementor-size-default\">ab 250 CHF<\/h2>\t\t\t\t<\/div>\n\t\t\t\t<\/div>\n\t\t\t\t<div class=\"elementor-element elementor-element-fea9638 elementor-widget elementor-widget-heading\" data-id=\"fea9638\" data-element_type=\"widget\" data-widget_type=\"heading.default\">\n\t\t\t\t<div class=\"elementor-widget-container\">\n\t\t\t\t\t<h2 class=\"elementor-heading-title elementor-size-default\">1,5-st\u00fcndige Sitzung, einschlie\u00dflich:<\/h2>\t\t\t\t<\/div>\n\t\t\t\t<\/div>\n\t\t\t\t<div class=\"elementor-element elementor-element-083cd61 color-scheme-inherit text-left elementor-widget elementor-widget-text-editor\" data-id=\"083cd61\" data-element_type=\"widget\" data-widget_type=\"text-editor.default\">\n\t\t\t\t<div class=\"elementor-widget-container\">\n\t\t\t\t\t\t\t\t\t<ul class=\"-mt-1 [li&gt;&amp;]:mt-2 list-disc space-y-2 pl-8\"><li class=\"whitespace-normal break-words\">Unterst\u00fctzung bei der Locationsuche<\/li><li class=\"whitespace-normal break-words\">Posing-Anleitung<\/li><li class=\"whitespace-normal break-words\">150\u2013200 mit Lightroom bearbeitete Fotos<\/li><li class=\"whitespace-normal break-words\">Reisekosten inklusive<\/li><\/ul><p class=\"whitespace-pre-wrap break-words\">Standortbasierte Preise:<\/p><ul class=\"-mt-1 [li&gt;&amp;]:mt-2 list-disc space-y-2 pl-8\"><li class=\"whitespace-normal break-words\">Zermatt, St. Gallen: <span style=\"text-decoration: underline;\"><strong>350 CHF<\/strong><\/span><\/li><li class=\"whitespace-normal break-words\">Lauterbrunnen, Grindelwald, Iseltwald, Interlaken, Z\u00fcrich, Genf, Montreux, Lausanne, Luzern, Basel: <span style=\"text-decoration: underline;\"><strong>300 CHF<\/strong><\/span><\/li><li class=\"whitespace-normal break-words\">Bern: <span style=\"text-decoration: underline;\"><strong>250 CHF<\/strong><\/span><\/li><\/ul>\t\t\t\t\t\t\t\t<\/div>\n\t\t\t\t<\/div>\n\t\t\t\t<\/div>\n\t\t\t\t<\/div>\n\t\t<div class=\"elementor-element elementor-element-1a24dc7 e-con-full e-flex e-con e-child\" data-id=\"1a24dc7\" data-element_type=\"container\">\n\t\t<div class=\"elementor-element elementor-element-bfc714b e-con-full e-flex e-con e-child\" data-id=\"bfc714b\" data-element_type=\"container\">\n\t\t\t\t<div class=\"elementor-element elementor-element-4067783 elementor-widget elementor-widget-heading\" data-id=\"4067783\" data-element_type=\"widget\" data-widget_type=\"heading.default\">\n\t\t\t\t<div class=\"elementor-widget-container\">\n\t\t\t\t\t<h2 class=\"elementor-heading-title elementor-size-default\">Eventfotografie<\/h2>\t\t\t\t<\/div>\n\t\t\t\t<\/div>\n\t\t\t\t<div class=\"elementor-element elementor-element-f4192d7 elementor-widget elementor-widget-image\" data-id=\"f4192d7\" data-element_type=\"widget\" data-widget_type=\"image.default\">\n\t\t\t\t<div class=\"elementor-widget-container\">\n\t\t\t\t\t\t\t\t\t\t\t\t\t\t\t<img decoding=\"async\" width=\"661\" height=\"16\" src=\"https:\/\/mairbird.com\/wp-content\/uploads\/2024\/12\/line.svg\" class=\"attachment-full size-full wp-image-27056\" alt=\"Mairbird - Fotograf in der Schweiz\">\t\t\t\t\t\t\t\t\t\t\t\t\t\t\t<\/div>\n\t\t\t\t<\/div>\n\t\t\t\t<div class=\"elementor-element elementor-element-a0e0634 elementor-widget elementor-widget-heading\" data-id=\"a0e0634\" data-element_type=\"widget\" data-widget_type=\"heading.default\">\n\t\t\t\t<div class=\"elementor-widget-container\">\n\t\t\t\t\t<h2 class=\"elementor-heading-title elementor-size-default\">ab 150 CHF<\/h2>\t\t\t\t<\/div>\n\t\t\t\t<\/div>\n\t\t\t\t<div class=\"elementor-element elementor-element-7b12c03 elementor-widget elementor-widget-heading\" data-id=\"7b12c03\" data-element_type=\"widget\" data-widget_type=\"heading.default\">\n\t\t\t\t<div class=\"elementor-widget-container\">\n\t\t\t\t\t<h2 class=\"elementor-heading-title elementor-size-default\">pro Stunde*<\/h2>\t\t\t\t<\/div>\n\t\t\t\t<\/div>\n\t\t\t\t<div class=\"elementor-element elementor-element-30ac22e color-scheme-inherit text-left elementor-widget elementor-widget-text-editor\" data-id=\"30ac22e\" data-element_type=\"widget\" data-widget_type=\"text-editor.default\">\n\t\t\t\t<div class=\"elementor-widget-container\">\n\t\t\t\t\t\t\t\t\t<p>\u00a0Der endg\u00fcltige Preis h\u00e4ngt von mehreren Faktoren ab:<\/p><ul class=\"-mt-1 [li&gt;&amp;]:mt-2 list-disc space-y-2 pl-8\"><li class=\"whitespace-normal break-words\">Lage und Stadt<\/li><li class=\"whitespace-normal break-words\">Anforderungen an den Veranstaltungsort (zus\u00e4tzlicher Ausr\u00fcstungsbedarf)<\/li><li class=\"whitespace-normal break-words\">Anzahl der zu fotografierenden Personen<\/li><li class=\"whitespace-normal break-words\">Technische Voraussetzungen<\/li><li class=\"whitespace-normal break-words\">Dauer des Shootings<\/li><li class=\"whitespace-normal break-words\">Nachbearbeitungsbedarf<\/li><\/ul><p class=\"whitespace-pre-wrap break-words\">*Bitte kontaktieren Sie uns f\u00fcr ein individuelles Angebot.<\/p>\t\t\t\t\t\t\t\t<\/div>\n\t\t\t\t<\/div>\n\t\t\t\t<div class=\"elementor-element elementor-element-041790e elementor-widget elementor-widget-spacer\" data-id=\"041790e\" data-element_type=\"widget\" data-widget_type=\"spacer.default\">\n\t\t\t\t<div class=\"elementor-widget-container\">\n\t\t\t\t\t\t\t<div class=\"elementor-spacer\">\n\t\t\t<div class=\"elementor-spacer-inner\"><\/div>\n\t\t<\/div>\n\t\t\t\t\t\t<\/div>\n\t\t\t\t<\/div>\n\t\t\t\t<\/div>\n\t\t\t\t<\/div>\n\t\t\t\t\t<\/div>\n\t\t\t\t<\/div>\n\t\t<div class=\"wd-negative-gap elementor-element elementor-element-36ecda9 e-flex e-con-boxed e-con e-parent\" data-id=\"36ecda9\" data-element_type=\"container\">\n\t\t\t\t\t<div class=\"e-con-inner\">\n\t\t\t\t<div class=\"elementor-element elementor-element-68bad43 color-scheme-inherit text-left elementor-widget elementor-widget-text-editor\" data-id=\"68bad43\" data-element_type=\"widget\" data-widget_type=\"text-editor.default\">\n\t\t\t\t<div class=\"elementor-widget-container\">\n\t\t\t\t\t\t\t\t\t<p>**Verf\u00fcgbar f\u00fcr Familien-, Paar- und Einzelsitzungen. F\u00fcr St\u00e4dte, die nicht aufgef\u00fchrt sind, erkundigen Sie sich bitte nach den spezifischen Preisen.<\/p>\t\t\t\t\t\t\t\t<\/div>\n\t\t\t\t<\/div>\n\t\t\t\t\t<\/div>\n\t\t\t\t<\/div>\n\t\t\t\t<\/div>","protected":false},"excerpt":{"rendered":"<p>Preis Jedes Fotopaket ist sorgf\u00e4ltig auf Ihre individuellen Bed\u00fcrfnisse und Visionen zugeschnitten. Gemeinsam w\u00e4hlen wir die perfekte Option aus<\/p>","protected":false},"author":1,"featured_media":0,"parent":0,"menu_order":0,"comment_status":"closed","ping_status":"closed","template":"","meta":{"footnotes":""},"class_list":["post-20","page","type-page","status-publish","hentry"],"_links":{"self":[{"href":"https:\/\/mairbird.com\/de\/wp-json\/wp\/v2\/pages\/20","targetHints":{"allow":["GET"]}}],"collection":[{"href":"https:\/\/mairbird.com\/de\/wp-json\/wp\/v2\/pages"}],"about":[{"href":"https:\/\/mairbird.com\/de\/wp-json\/wp\/v2\/types\/page"}],"author":[{"embeddable":true,"href":"https:\/\/mairbird.com\/de\/wp-json\/wp\/v2\/users\/1"}],"replies":[{"embeddable":true,"href":"https:\/\/mairbird.com\/de\/wp-json\/wp\/v2\/comments?post=20"}],"version-history":[{"count":15,"href":"https:\/\/mairbird.com\/de\/wp-json\/wp\/v2\/pages\/20\/revisions"}],"predecessor-version":[{"id":28419,"href":"https:\/\/mairbird.com\/de\/wp-json\/wp\/v2\/pages\/20\/revisions\/28419"}],"wp:attachment":[{"href":"https:\/\/mairbird.com\/de\/wp-json\/wp\/v2\/media?parent=20"}],"curies":[{"name":"wp","href":"https:\/\/api.w.org\/{rel}","templated":true}]}}